{"id":14,"date":"2025-01-20T11:23:34","date_gmt":"2025-01-20T10:23:34","guid":{"rendered":"https:\/\/dwm.filesandmore.lu\/?page_id=14"},"modified":"2025-01-20T11:25:50","modified_gmt":"2025-01-20T10:25:50","slug":"modell","status":"publish","type":"page","link":"https:\/\/dwm.filesandmore.lu\/","title":{"rendered":"modell"},"content":{"rendered":"<section class=\"bde-section-14-100 bde-section\">\n  \n  \n\t\n\n\n\n<div class=\"section-container\"><h1 class=\"bde-heading-14-101 bde-heading\">\nMit deinem Kunden von morgen schon heute verbunden.\n<\/h1><h1 class=\"bde-heading-14-102 bde-heading\">\nDas DWM Modell erh\u00f6ht die <i>customer to transaction rate<\/i> um 30-50%\n<\/h1><h1 class=\"bde-heading-14-103 bde-heading\">\nUnsere Plattform macht die W\u00fcnsche Ihrer Kunden zu Ihrem Erfolg.\n<\/h1><\/div>\n<\/section><section class=\"bde-section-14-105 bde-section\">\n  \n  \n\t\n\n\n\n<div class=\"section-container\"><div class=\"bde-columns-14-106 bde-columns\"><div class=\"bde-column-14-107 bde-column\">\n  \n  \n\t\n\n\n\n<img decoding=\"async\" class=\"bde-image2-14-108 bde-image2\" src=\"https:\/\/www.filesandmore.lu\/wp-content\/uploads\/ico_Challenge.png\" loading=\"lazy\" srcset=\"https:\/\/www.filesandmore.lu\/wp-content\/uploads\/ico_Challenge.png 512w, https:\/\/www.filesandmore.lu\/wp-content\/uploads\/ico_Challenge-450x450.png 450w, https:\/\/www.filesandmore.lu\/wp-content\/uploads\/ico_Challenge-200x200.png 200w\" sizes=\"(max-width: 512px) 100vw, 512px\">\n<\/div><div class=\"bde-column-14-109 bde-column\">\n  \n  \n\t\n\n\n\n<h2 class=\"bde-heading-14-110 bde-heading\">\nDie Challenge\n<\/h2><h1 class=\"bde-heading-14-111 bde-heading\">\n<b>Unternehmen verschwenden Geld auf kalte Leads<\/b>, die nie zu Kunden werden. Diese Fehlinvestitionen f\u00fchren zu direkten Verlusten, da die eingesetzten Mittel ohne R\u00fcckfluss verpuffen.\n<\/h1>\n<\/div><\/div><\/div>\n<\/section><section class=\"bde-section-14-112 bde-section\">\n  \n  \n\t\n\n\n\n<div class=\"section-container\"><div class=\"bde-columns-14-113 bde-columns\"><div class=\"bde-column-14-114 bde-column\">\n  \n  \n\t\n\n\n\n<img decoding=\"async\" class=\"bde-image2-14-115 bde-image2\" src=\"https:\/\/www.filesandmore.lu\/wp-content\/uploads\/ico_Solution1.png\" loading=\"lazy\" srcset=\"https:\/\/www.filesandmore.lu\/wp-content\/uploads\/ico_Solution1.png 512w, https:\/\/www.filesandmore.lu\/wp-content\/uploads\/ico_Solution1-450x450.png 450w, https:\/\/www.filesandmore.lu\/wp-content\/uploads\/ico_Solution1-200x200.png 200w\" sizes=\"(max-width: 512px) 100vw, 512px\">\n<\/div><div class=\"bde-column-14-116 bde-column\">\n  \n  \n\t\n\n\n\n<h2 class=\"bde-heading-14-117 bde-heading\">\nDie L\u00f6sung\n<\/h2><h1 class=\"bde-heading-14-118 bde-heading\">\nDas DWM Modell ver\u00e4ndert dieses Szenario, indem es eine Plattform bereitstellt, auf der Kunden selbst ihre Daten anbieten und dabei aktiv Interesse an den Dienstleistungen eines Unternehmens signalisieren. Das Unternehmen bekommt so nicht nur die richtigen Kunden, sondern hat von Anfang an eine Vertrauensbasis und eine gemeinsame Perspektive.\n<\/h1><div class=\"bde-button-14-119 bde-button\">\n    \n                                    \n    \n    \n    \n    \n            \n            <button type=\"button\" class=\"button-atom button-atom--custom bde-button__button\"  >\n    \n        <span class=\"button-atom__text\">Zur H\u00fcrden Seite<\/span>\n\n        \n        \n            <\/button>\n    \n\n\n<\/div>\n<\/div><\/div><\/div>\n<\/section><section class=\"bde-section-14-120 bde-section\">\n  \n  \n\t\n\n\n\n<div class=\"section-container\"><h2 class=\"bde-heading-14-121 bde-heading\">\nDie DNA der Datenverm\u00f6gensverwaltung\n<\/h2><h1 class=\"bde-heading-14-122 bde-heading\">\nZentrale Werte und Prinzipien pr\u00e4gen das gesamte DWM Modell. Diese vier Faktoren stellen die Grundlage dar, auf der das Modell arbeitet, und sind gleichzeitig Ausdruck dessen, was den Datenverm\u00f6gensverwalter ausmacht:\n<\/h1><h1 class=\"bde-heading-14-123 bde-heading\">\nDiagramm: Kreis mit den Vier Elementen, alles zahl reverse aufs Vertrauen ein, jedes Element zahl aufeinander ein, Der \"CTR+\" steht an den Verbindungen.Rechts dann Legende mit den 4 Elementen + BUlletpoints\n<\/h1><div class=\"bde-columns-14-124 bde-columns\"><div class=\"bde-column-14-125 bde-column\">\n  \n  \n\t\n\n\n\n<h1 class=\"bde-heading-14-126 bde-heading\">\nVertrauen\n<\/h1><div class=\"bde-rich-text-14-127 bde-rich-text breakdance-rich-text-styles\">\n<p>Das Modell basiert auf einem tiefen Verst\u00e4ndnis dessen, was gegenseitiges Vertrauen bedeutet. Es ist nicht nur ein Transaktionsfaktor, sondern ein verbindendes Element, das langfristige Beziehungen erm\u00f6glicht und st\u00e4rkt.<\/p>\n<\/div>\n<\/div><div class=\"bde-column-14-128 bde-column\">\n  \n  \n\t\n\n\n\n<h1 class=\"bde-heading-14-129 bde-heading\">\nZeit\n<\/h1><div class=\"bde-rich-text-14-130 bde-rich-text breakdance-rich-text-styles\">\n<p>Zeit, die Unternehmen und Kunden miteinander teilen, schafft Wert. Sie st\u00e4rkt die Bindung und tr\u00e4gt dazu bei, dass Entscheidungen bewusst und nachhaltig getroffen werden k\u00f6nnen. Die Zeit, die investiert wird, f\u00fchrt zu stabilen, belastbaren Partnerschaften.<\/p>\n<\/div>\n<\/div><\/div><div class=\"bde-columns-14-131 bde-columns\"><div class=\"bde-column-14-132 bde-column\">\n  \n  \n\t\n\n\n\n<h1 class=\"bde-heading-14-133 bde-heading\">\nEmotionen\n<\/h1><div class=\"bde-rich-text-14-134 bde-rich-text breakdance-rich-text-styles\">\n<p>Der Datenverm\u00f6gensverwalter erkennt, dass hinter jeder Datentransaktion echte Menschen stehen \u2013 mit W\u00fcnschen, Tr\u00e4umen und Pl\u00e4nen. Diese Emotionen sind das, was uns verbindet und antreibt, und sie sind der Schl\u00fcssel zu einem nachhaltigen Erfolg.<\/p>\n<\/div>\n<\/div><div class=\"bde-column-14-135 bde-column\">\n  \n  \n\t\n\n\n\n<h1 class=\"bde-heading-14-136 bde-heading\">\nBelohnung\n<\/h1><div class=\"bde-rich-text-14-137 bde-rich-text breakdance-rich-text-styles\">\n<p>Es geht nicht nur um finanzielle Vorteile, sondern auch um die Freude, wenn etwas erreicht wird, wenn W\u00fcnsche Realit\u00e4t werden und wenn Werte wachsen. Der Datenverm\u00f6gensverwalter teilt diese Freude und macht sie zu einem zentralen Bestandteil seines Handelns.<\/p>\n<\/div>\n<\/div><\/div><\/div>\n<\/section><section class=\"bde-section-14-138 bde-section\">\n  \n  \n\t\n\n\n\n<div class=\"section-container\"><h1 class=\"bde-heading-14-139 bde-heading\">\nWie funktioniert die Plattform?\n<\/h1><h1 class=\"bde-heading-14-140 bde-heading\">\nGrafik mit Plattform: Kunde Wunsch, Partner Angebot, Match, Belohnung, RoboAdvisor\n<\/h1><div class=\"bde-rich-text-14-141 bde-rich-text breakdance-rich-text-styles\">\n<p><strong>\ud83d\udc49 Der Einstieg:<\/strong> Ein Kunde betritt die Plattform und gibt seinen zuk\u00fcnftigen Wunsch ein.<\/p><p><strong>Beispiele:<\/strong> \u201eIch m\u00f6chte n\u00e4chstes Jahr verreisen\u201c oder \u201eIch plane, mein Haus in zwei Jahren zu verkaufen.\u201c<\/p>\n<\/div><div class=\"bde-fancy-divider-14-142 bde-fancy-divider\">\n\n\n<div class=\"bde-fancy-divider__wrapper\">\n  <div class=\"bde-fancy-divider__separator   \">\n  \t  <\/div>\n<\/div>\n\n<\/div><div class=\"bde-rich-text-14-143 bde-rich-text breakdance-rich-text-styles\">\n<p><strong>\ud83d\udc49 Die Verbindung:<\/strong>\u00a0 Auf der Plattform findet der Kunde ein Unternehmen, das seinen Wunsch versteht und aktiv unterst\u00fctzt.<\/p><p><b>Das Angebot:<\/b> Das Unternehmen bietet an, den Kunden auf seiner Reise zur Wunscherf\u00fcllung zu begleiten<\/p><p><strong>Die Geste:<\/strong> Es zeigt seine Unterst\u00fctzung, indem es monatlich einen kleinen Betrag (z. B. 10 \u20ac) f\u00fcr den Kunden auf ein virtuelles Robo-Advisor-Konto anlegt.<\/p>\n<\/div><div class=\"bde-fancy-divider-14-144 bde-fancy-divider\">\n\n\n<div class=\"bde-fancy-divider__wrapper\">\n  <div class=\"bde-fancy-divider__separator   \">\n  \t  <\/div>\n<\/div>\n\n<\/div><div class=\"bde-rich-text-14-145 bde-rich-text breakdance-rich-text-styles\">\n<p><strong>\ud83d\udc49 Ab dem ersten Kontakt ist das Unternehmen f\u00fcr den Kunden da:<\/strong><\/p><p><strong>Regelm\u00e4\u00dfige Beratung:<\/strong> Monatliche Updates, Tipps und relevante Informationen, die den Kunden auf seiner Customer Journey unterst\u00fctzen.<\/p><p><strong>Langfristige Bindung:<\/strong> Der Kunde f\u00fchlt sich ernst genommen und baut Vertrauen auf.<\/p>\n<\/div><div class=\"bde-fancy-divider-14-146 bde-fancy-divider\">\n\n\n<div class=\"bde-fancy-divider__wrapper\">\n  <div class=\"bde-fancy-divider__separator   \">\n  \t  <\/div>\n<\/div>\n\n<\/div><div class=\"bde-rich-text-14-147 bde-rich-text breakdance-rich-text-styles\">\n<p><strong>\ud83d\udc49 Der Abschluss: Der Kunde erf\u00fcllt seinen Wunsch<\/strong><\/p><p>Wenn der Kunde seinen Wunsch \u00fcber das Unternehmen umsetzt: Das Unternehmen \u00fcberweist die angesammelten Betr\u00e4ge auf das Robo-Advisor-Konto des Kunden.<\/p><p><strong>Beispiel:<\/strong> Hat der Kunde \u00fcber zwei Jahre monatlich 10 \u20ac virtuell angesammelt, werden nach der Transaktion 240 \u20ac + Zinsen auf sein Kundenkonto \u00fcbertragen.<\/p>\n<\/div><\/div>\n<\/section><section class=\"bde-section-14-148 bde-section\">\n  \n  \n\t\n\n\n\n<div class=\"section-container\"><h1 class=\"bde-heading-14-149 bde-heading\">\nVorteile F\u00fcr ...\n<\/h1><h1 class=\"bde-heading-14-150 bde-heading\">\nSammlung von Dolumenten zum Download\n<\/h1><div class=\"bde-columns-14-151 bde-columns\"><div class=\"bde-column-14-152 bde-column\">\n  \n  \n\t\n\n\n\n<h1 class=\"bde-heading-14-153 bde-heading\">\nCrossselling\n<\/h1>\n<\/div><div class=\"bde-column-14-154 bde-column\">\n  \n  \n\t\n\n\n\n<h1 class=\"bde-heading-14-155 bde-heading\">\nAffiliate\n<\/h1>\n<\/div><\/div><\/div>\n<\/section>","protected":false},"excerpt":{"rendered":"<p>Mit deinem Kunden von morgen schon heute verbunden. Das DWM Modell erh\u00f6ht die customer to transaction rate um 30-50% Unsere Plattform macht die W\u00fcnsche Ihrer Kunden zu Ihrem Erfolg. Die Challenge Unternehmen verschwenden Geld auf kalte Leads, die nie zu Kunden werden. Diese Fehlinvestitionen f\u00fchren zu direkten Verlusten, da die eingesetzten Mittel ohne R\u00fcckfluss verpuffen. [&hellip;]<\/p>\n","protected":false},"author":1,"featured_media":0,"parent":0,"menu_order":0,"comment_status":"closed","ping_status":"closed","template":"","meta":{"_breakdance_hide_in_design_set":false,"_breakdance_tags":"","footnotes":""},"class_list":["post-14","page","type-page","status-publish","hentry"],"_links":{"self":[{"href":"https:\/\/dwm.filesandmore.lu\/index.php?rest_route=\/wp\/v2\/pages\/14","targetHints":{"allow":["GET"]}}],"collection":[{"href":"https:\/\/dwm.filesandmore.lu\/index.php?rest_route=\/wp\/v2\/pages"}],"about":[{"href":"https:\/\/dwm.filesandmore.lu\/index.php?rest_route=\/wp\/v2\/types\/page"}],"author":[{"embeddable":true,"href":"https:\/\/dwm.filesandmore.lu\/index.php?rest_route=\/wp\/v2\/users\/1"}],"replies":[{"embeddable":true,"href":"https:\/\/dwm.filesandmore.lu\/index.php?rest_route=%2Fwp%2Fv2%2Fcomments&post=14"}],"version-history":[{"count":3,"href":"https:\/\/dwm.filesandmore.lu\/index.php?rest_route=\/wp\/v2\/pages\/14\/revisions"}],"predecessor-version":[{"id":20,"href":"https:\/\/dwm.filesandmore.lu\/index.php?rest_route=\/wp\/v2\/pages\/14\/revisions\/20"}],"wp:attachment":[{"href":"https:\/\/dwm.filesandmore.lu\/index.php?rest_route=%2Fwp%2Fv2%2Fmedia&parent=14"}],"curies":[{"name":"wp","href":"https:\/\/api.w.org\/{rel}","templated":true}]}}